{"id":2475,"date":"2025-11-17T09:44:54","date_gmt":"2025-11-17T09:44:54","guid":{"rendered":"https:\/\/accdistribution.eu\/celebrating-25-years-of-bringing-new-technologies\/"},"modified":"2025-11-17T09:51:26","modified_gmt":"2025-11-17T09:51:26","slug":"acme_geri_darbai","status":"publish","type":"page","link":"https:\/\/accdistribution.eu\/lt\/acme_geri_darbai\/","title":{"rendered":"Fondas &#8222;Acme Geri darbai&#8221; &#8211; tai m\u016bs\u0173 socialini\u0173 veikl\u0173 \u0161irdis"},"content":{"rendered":"","protected":false},"excerpt":{"rendered":"","protected":false},"author":10,"featured_media":0,"parent":0,"menu_order":0,"comment_status":"closed","ping_status":"closed","template":"tp-event.php","meta":{"_acf_changed":false,"footnotes":""},"class_list":["post-2475","page","type-page","status-publish","hentry"],"acf":[],"yoast_head":"<!-- This site is optimized with the Yoast SEO plugin v27.4 - https:\/\/yoast.com\/product\/yoast-seo-wordpress\/ -->\n<title>Fondas &quot;Acme Geri darbai&quot; - tai m\u016bs\u0173 socialini\u0173 veikl\u0173 \u0161irdis - ACC Distribution<\/title>\n<meta name=\"robots\" content=\"index, follow, max-snippet:-1, max-image-preview:large, max-video-preview:-1\" \/>\n<link rel=\"canonical\" href=\"https:\/\/accdistribution.eu\/lt\/acme_geri_darbai\/\" \/>\n<meta property=\"og:locale\" content=\"lt_LT\" \/>\n<meta property=\"og:type\" content=\"article\" \/>\n<meta property=\"og:title\" content=\"Fondas &quot;Acme Geri darbai&quot; - tai m\u016bs\u0173 socialini\u0173 veikl\u0173 \u0161irdis - ACC Distribution\" \/>\n<meta property=\"og:url\" content=\"https:\/\/accdistribution.eu\/lt\/acme_geri_darbai\/\" \/>\n<meta property=\"og:site_name\" content=\"ACC Distribution\" \/>\n<meta property=\"article:modified_time\" content=\"2025-11-17T09:51:26+00:00\" \/>\n<meta name=\"twitter:card\" content=\"summary_large_image\" \/>\n<script type=\"application\/ld+json\" class=\"yoast-schema-graph\">{\"@context\":\"https:\\\/\\\/schema.org\",\"@graph\":[{\"@type\":\"WebPage\",\"@id\":\"https:\\\/\\\/accdistribution.eu\\\/lt\\\/acme_geri_darbai\\\/\",\"url\":\"https:\\\/\\\/accdistribution.eu\\\/lt\\\/acme_geri_darbai\\\/\",\"name\":\"Fondas \\\"Acme Geri darbai\\\" - tai m\u016bs\u0173 socialini\u0173 veikl\u0173 \u0161irdis - ACC Distribution\",\"isPartOf\":{\"@id\":\"https:\\\/\\\/accdistribution.eu\\\/#website\"},\"datePublished\":\"2025-11-17T09:44:54+00:00\",\"dateModified\":\"2025-11-17T09:51:26+00:00\",\"inLanguage\":\"lt-LT\",\"potentialAction\":[{\"@type\":\"ReadAction\",\"target\":[\"https:\\\/\\\/accdistribution.eu\\\/lt\\\/acme_geri_darbai\\\/\"]}]},{\"@type\":\"WebSite\",\"@id\":\"https:\\\/\\\/accdistribution.eu\\\/#website\",\"url\":\"https:\\\/\\\/accdistribution.eu\\\/\",\"name\":\"ACC Distribution\",\"description\":\"\",\"potentialAction\":[{\"@type\":\"SearchAction\",\"target\":{\"@type\":\"EntryPoint\",\"urlTemplate\":\"https:\\\/\\\/accdistribution.eu\\\/?s={search_term_string}\"},\"query-input\":{\"@type\":\"PropertyValueSpecification\",\"valueRequired\":true,\"valueName\":\"search_term_string\"}}],\"inLanguage\":\"lt-LT\"}]}<\/script>\n<!-- \/ Yoast SEO plugin. -->","yoast_head_json":{"title":"Fondas \"Acme Geri darbai\" - tai m\u016bs\u0173 socialini\u0173 veikl\u0173 \u0161irdis - ACC Distribution","robots":{"index":"index","follow":"follow","max-snippet":"max-snippet:-1","max-image-preview":"max-image-preview:large","max-video-preview":"max-video-preview:-1"},"canonical":"https:\/\/accdistribution.eu\/lt\/acme_geri_darbai\/","og_locale":"lt_LT","og_type":"article","og_title":"Fondas \"Acme Geri darbai\" - tai m\u016bs\u0173 socialini\u0173 veikl\u0173 \u0161irdis - ACC Distribution","og_url":"https:\/\/accdistribution.eu\/lt\/acme_geri_darbai\/","og_site_name":"ACC Distribution","article_modified_time":"2025-11-17T09:51:26+00:00","twitter_card":"summary_large_image","schema":{"@context":"https:\/\/schema.org","@graph":[{"@type":"WebPage","@id":"https:\/\/accdistribution.eu\/lt\/acme_geri_darbai\/","url":"https:\/\/accdistribution.eu\/lt\/acme_geri_darbai\/","name":"Fondas \"Acme Geri darbai\" - tai m\u016bs\u0173 socialini\u0173 veikl\u0173 \u0161irdis - ACC Distribution","isPartOf":{"@id":"https:\/\/accdistribution.eu\/#website"},"datePublished":"2025-11-17T09:44:54+00:00","dateModified":"2025-11-17T09:51:26+00:00","inLanguage":"lt-LT","potentialAction":[{"@type":"ReadAction","target":["https:\/\/accdistribution.eu\/lt\/acme_geri_darbai\/"]}]},{"@type":"WebSite","@id":"https:\/\/accdistribution.eu\/#website","url":"https:\/\/accdistribution.eu\/","name":"ACC Distribution","description":"","potentialAction":[{"@type":"SearchAction","target":{"@type":"EntryPoint","urlTemplate":"https:\/\/accdistribution.eu\/?s={search_term_string}"},"query-input":{"@type":"PropertyValueSpecification","valueRequired":true,"valueName":"search_term_string"}}],"inLanguage":"lt-LT"}]}},"_links":{"self":[{"href":"https:\/\/accdistribution.eu\/lt\/wp-json\/wp\/v2\/pages\/2475","targetHints":{"allow":["GET"]}}],"collection":[{"href":"https:\/\/accdistribution.eu\/lt\/wp-json\/wp\/v2\/pages"}],"about":[{"href":"https:\/\/accdistribution.eu\/lt\/wp-json\/wp\/v2\/types\/page"}],"author":[{"embeddable":true,"href":"https:\/\/accdistribution.eu\/lt\/wp-json\/wp\/v2\/users\/10"}],"replies":[{"embeddable":true,"href":"https:\/\/accdistribution.eu\/lt\/wp-json\/wp\/v2\/comments?post=2475"}],"version-history":[{"count":143,"href":"https:\/\/accdistribution.eu\/lt\/wp-json\/wp\/v2\/pages\/2475\/revisions"}],"predecessor-version":[{"id":5547,"href":"https:\/\/accdistribution.eu\/lt\/wp-json\/wp\/v2\/pages\/2475\/revisions\/5547"}],"wp:attachment":[{"href":"https:\/\/accdistribution.eu\/lt\/wp-json\/wp\/v2\/media?parent=2475"}],"curies":[{"name":"wp","href":"https:\/\/api.w.org\/{rel}","templated":true}]}}