{"id":4681,"date":"2024-05-14T12:38:40","date_gmt":"2024-05-14T12:38:40","guid":{"rendered":"https:\/\/accdistribution.eu\/?page_id=4681"},"modified":"2024-08-26T06:40:03","modified_gmt":"2024-08-26T06:40:03","slug":"baltics-tech-fest-2024-vilnius","status":"publish","type":"page","link":"https:\/\/accdistribution.eu\/lt\/baltics-tech-fest-2024-vilnius\/","title":{"rendered":"Baltics Tech Fest 2024 VILNIUS"},"content":{"rendered":"","protected":false},"excerpt":{"rendered":"","protected":false},"author":5,"featured_media":0,"parent":0,"menu_order":0,"comment_status":"closed","ping_status":"closed","template":"tp-event.php","meta":{"_acf_changed":false,"footnotes":""},"class_list":["post-4681","page","type-page","status-publish","hentry"],"acf":[],"yoast_head":"<!-- This site is optimized with the Yoast SEO plugin v27.5 - https:\/\/yoast.com\/product\/yoast-seo-wordpress\/ -->\n<title>Baltics Tech Fest 2024 VILNIUS - ACC Distribution<\/title>\n<meta name=\"description\" content=\"Magi\u0161kiausias verslo technologijoms skirtas renginys metuose, ACC Distribution Baltics Tech Fest 2024. Turtinga ekspozicij\u0173 zona, naujausios \u017einios i\u0161 technologij\u0173 verslui k\u016br\u0117j\u0173, naudingi susitikimai, profesiniai \u012fkv\u0117pimai, \u0161ventin\u0117 nuotaika.\" \/>\n<meta name=\"robots\" content=\"index, follow, max-snippet:-1, max-image-preview:large, max-video-preview:-1\" \/>\n<link rel=\"canonical\" href=\"https:\/\/accdistribution.eu\/lt\/baltics-tech-fest-2024-vilnius\/\" \/>\n<meta property=\"og:locale\" content=\"lt_LT\" \/>\n<meta property=\"og:type\" content=\"article\" \/>\n<meta property=\"og:title\" content=\"Baltics Tech Fest 2024 VILNIUS - ACC Distribution\" \/>\n<meta property=\"og:description\" content=\"Magi\u0161kiausias verslo technologijoms skirtas renginys metuose, ACC Distribution Baltics Tech Fest 2024. Turtinga ekspozicij\u0173 zona, naujausios \u017einios i\u0161 technologij\u0173 verslui k\u016br\u0117j\u0173, naudingi susitikimai, profesiniai \u012fkv\u0117pimai, \u0161ventin\u0117 nuotaika.\" \/>\n<meta property=\"og:url\" content=\"https:\/\/accdistribution.eu\/lt\/baltics-tech-fest-2024-vilnius\/\" \/>\n<meta property=\"og:site_name\" content=\"ACC Distribution\" \/>\n<meta property=\"article:modified_time\" content=\"2024-08-26T06:40:03+00:00\" \/>\n<meta name=\"twitter:card\" content=\"summary_large_image\" \/>\n<script type=\"application\/ld+json\" class=\"yoast-schema-graph\">{\"@context\":\"https:\\\/\\\/schema.org\",\"@graph\":[{\"@type\":\"WebPage\",\"@id\":\"https:\\\/\\\/accdistribution.eu\\\/lt\\\/baltics-tech-fest-2024-vilnius\\\/\",\"url\":\"https:\\\/\\\/accdistribution.eu\\\/lt\\\/baltics-tech-fest-2024-vilnius\\\/\",\"name\":\"Baltics Tech Fest 2024 VILNIUS - ACC Distribution\",\"isPartOf\":{\"@id\":\"https:\\\/\\\/accdistribution.eu\\\/#website\"},\"datePublished\":\"2024-05-14T12:38:40+00:00\",\"dateModified\":\"2024-08-26T06:40:03+00:00\",\"description\":\"Magi\u0161kiausias verslo technologijoms skirtas renginys metuose, ACC Distribution Baltics Tech Fest 2024. Turtinga ekspozicij\u0173 zona, naujausios \u017einios i\u0161 technologij\u0173 verslui k\u016br\u0117j\u0173, naudingi susitikimai, profesiniai \u012fkv\u0117pimai, \u0161ventin\u0117 nuotaika.\",\"inLanguage\":\"lt-LT\",\"potentialAction\":[{\"@type\":\"ReadAction\",\"target\":[\"https:\\\/\\\/accdistribution.eu\\\/lt\\\/baltics-tech-fest-2024-vilnius\\\/\"]}]},{\"@type\":\"WebSite\",\"@id\":\"https:\\\/\\\/accdistribution.eu\\\/#website\",\"url\":\"https:\\\/\\\/accdistribution.eu\\\/\",\"name\":\"ACC Distribution\",\"description\":\"\",\"potentialAction\":[{\"@type\":\"SearchAction\",\"target\":{\"@type\":\"EntryPoint\",\"urlTemplate\":\"https:\\\/\\\/accdistribution.eu\\\/?s={search_term_string}\"},\"query-input\":{\"@type\":\"PropertyValueSpecification\",\"valueRequired\":true,\"valueName\":\"search_term_string\"}}],\"inLanguage\":\"lt-LT\"}]}<\/script>\n<!-- \/ Yoast SEO plugin. -->","yoast_head_json":{"title":"Baltics Tech Fest 2024 VILNIUS - ACC Distribution","description":"Magi\u0161kiausias verslo technologijoms skirtas renginys metuose, ACC Distribution Baltics Tech Fest 2024. Turtinga ekspozicij\u0173 zona, naujausios \u017einios i\u0161 technologij\u0173 verslui k\u016br\u0117j\u0173, naudingi susitikimai, profesiniai \u012fkv\u0117pimai, \u0161ventin\u0117 nuotaika.","robots":{"index":"index","follow":"follow","max-snippet":"max-snippet:-1","max-image-preview":"max-image-preview:large","max-video-preview":"max-video-preview:-1"},"canonical":"https:\/\/accdistribution.eu\/lt\/baltics-tech-fest-2024-vilnius\/","og_locale":"lt_LT","og_type":"article","og_title":"Baltics Tech Fest 2024 VILNIUS - ACC Distribution","og_description":"Magi\u0161kiausias verslo technologijoms skirtas renginys metuose, ACC Distribution Baltics Tech Fest 2024. Turtinga ekspozicij\u0173 zona, naujausios \u017einios i\u0161 technologij\u0173 verslui k\u016br\u0117j\u0173, naudingi susitikimai, profesiniai \u012fkv\u0117pimai, \u0161ventin\u0117 nuotaika.","og_url":"https:\/\/accdistribution.eu\/lt\/baltics-tech-fest-2024-vilnius\/","og_site_name":"ACC Distribution","article_modified_time":"2024-08-26T06:40:03+00:00","twitter_card":"summary_large_image","schema":{"@context":"https:\/\/schema.org","@graph":[{"@type":"WebPage","@id":"https:\/\/accdistribution.eu\/lt\/baltics-tech-fest-2024-vilnius\/","url":"https:\/\/accdistribution.eu\/lt\/baltics-tech-fest-2024-vilnius\/","name":"Baltics Tech Fest 2024 VILNIUS - ACC Distribution","isPartOf":{"@id":"https:\/\/accdistribution.eu\/#website"},"datePublished":"2024-05-14T12:38:40+00:00","dateModified":"2024-08-26T06:40:03+00:00","description":"Magi\u0161kiausias verslo technologijoms skirtas renginys metuose, ACC Distribution Baltics Tech Fest 2024. Turtinga ekspozicij\u0173 zona, naujausios \u017einios i\u0161 technologij\u0173 verslui k\u016br\u0117j\u0173, naudingi susitikimai, profesiniai \u012fkv\u0117pimai, \u0161ventin\u0117 nuotaika.","inLanguage":"lt-LT","potentialAction":[{"@type":"ReadAction","target":["https:\/\/accdistribution.eu\/lt\/baltics-tech-fest-2024-vilnius\/"]}]},{"@type":"WebSite","@id":"https:\/\/accdistribution.eu\/#website","url":"https:\/\/accdistribution.eu\/","name":"ACC Distribution","description":"","potentialAction":[{"@type":"SearchAction","target":{"@type":"EntryPoint","urlTemplate":"https:\/\/accdistribution.eu\/?s={search_term_string}"},"query-input":{"@type":"PropertyValueSpecification","valueRequired":true,"valueName":"search_term_string"}}],"inLanguage":"lt-LT"}]}},"_links":{"self":[{"href":"https:\/\/accdistribution.eu\/lt\/wp-json\/wp\/v2\/pages\/4681","targetHints":{"allow":["GET"]}}],"collection":[{"href":"https:\/\/accdistribution.eu\/lt\/wp-json\/wp\/v2\/pages"}],"about":[{"href":"https:\/\/accdistribution.eu\/lt\/wp-json\/wp\/v2\/types\/page"}],"author":[{"embeddable":true,"href":"https:\/\/accdistribution.eu\/lt\/wp-json\/wp\/v2\/users\/5"}],"replies":[{"embeddable":true,"href":"https:\/\/accdistribution.eu\/lt\/wp-json\/wp\/v2\/comments?post=4681"}],"version-history":[{"count":21,"href":"https:\/\/accdistribution.eu\/lt\/wp-json\/wp\/v2\/pages\/4681\/revisions"}],"predecessor-version":[{"id":4836,"href":"https:\/\/accdistribution.eu\/lt\/wp-json\/wp\/v2\/pages\/4681\/revisions\/4836"}],"wp:attachment":[{"href":"https:\/\/accdistribution.eu\/lt\/wp-json\/wp\/v2\/media?parent=4681"}],"curies":[{"name":"wp","href":"https:\/\/api.w.org\/{rel}","templated":true}]}}